{"id":2159,"date":"2023-10-07T18:37:24","date_gmt":"2023-10-07T16:37:24","guid":{"rendered":"https:\/\/reoil.pl\/prozess\/"},"modified":"2025-09-16T12:34:24","modified_gmt":"2025-09-16T10:34:24","slug":"prozess","status":"publish","type":"page","link":"https:\/\/reoil.pl\/de\/prozess\/","title":{"rendered":"Prozess"},"content":{"rendered":"\t\t<div data-elementor-type=\"wp-page\" data-elementor-id=\"2159\" class=\"elementor elementor-2159 elementor-348\">\n\t\t\t\t\t\t<section class=\"elementor-section elementor-top-section elementor-element elementor-element-b9b6326 elementor-section-boxed elementor-section-height-default elementor-section-height-default\" data-id=\"b9b6326\" data-element_type=\"section\" data-settings=\"{&quot;background_background&quot;:&quot;classic&quot;}\">\n\t\t\t\t\t\t\t<div class=\"elementor-background-overlay\"><\/div>\n\t\t\t\t\t\t\t<div class=\"elementor-container elementor-column-gap-default\">\n\t\t\t\t\t<div class=\"elementor-column elementor-col-100 elementor-top-column elementor-element elementor-element-054adfd\" data-id=\"054adfd\" data-element_type=\"column\">\n\t\t\t<div class=\"elementor-widget-wrap elementor-element-populated\">\n\t\t\t\t\t\t<div class=\"elementor-element elementor-element-101512b elementor-widget elementor-widget-heading\" data-id=\"101512b\" data-element_type=\"widget\" data-widget_type=\"heading.default\">\n\t\t\t\t<div class=\"elementor-widget-container\">\n\t\t\t\t\t<h1 class=\"elementor-heading-title elementor-size-default\">Prozess<\/h1>\t\t\t\t<\/div>\n\t\t\t\t<\/div>\n\t\t\t\t\t<\/div>\n\t\t<\/div>\n\t\t\t\t\t<\/div>\n\t\t<\/section>\n\t\t<div class=\"elementor-element elementor-element-1e1fd3d7 e-con-full e-flex e-con e-parent\" data-id=\"1e1fd3d7\" data-element_type=\"container\">\n\t\t<div class=\"elementor-element elementor-element-1ecef94 e-flex e-con-boxed elementor-invisible e-con e-child\" data-id=\"1ecef94\" data-element_type=\"container\" data-settings=\"{&quot;animation&quot;:&quot;fadeInUp&quot;}\">\n\t\t\t\t\t<div class=\"e-con-inner\">\n\t\t\t\t<div class=\"elementor-element elementor-element-ea698ec elementor-widget elementor-widget-text-editor\" data-id=\"ea698ec\" data-element_type=\"widget\" data-widget_type=\"text-editor.default\">\n\t\t\t\t<div class=\"elementor-widget-container\">\n\t\t\t\t\t\t\t\t\t<p>Die kontinuierliche Pyrolyse ist eine Innovation in der Recyclingwelt, die neue M\u00f6glichkeiten f\u00fcr die nachhaltige Behandlung von Altreifen er\u00f6ffnet. Mit dieser Methode ist es m\u00f6glich, Altreifen effizienter und nachhaltiger zu nutzen und so das Streben nach einer Kreislaufwirtschaft und Abfallverringerung zu unterst\u00fctzen.<\/p>\n\t\t\t\t\t\t\t\t<\/div>\n\t\t\t\t<\/div>\n\t\t\t\t\t<\/div>\n\t\t\t\t<\/div>\n\t\t\t\t<\/div>\n\t\t<div class=\"elementor-element elementor-element-392a6b2 elementor-hidden-desktop elementor-hidden-tablet e-flex e-con-boxed e-con e-parent\" data-id=\"392a6b2\" data-element_type=\"container\" data-settings=\"{&quot;background_background&quot;:&quot;classic&quot;}\">\n\t\t\t\t\t<div class=\"e-con-inner\">\n\t\t\t\t<div class=\"elementor-element elementor-element-a19cb8c elementor-widget elementor-widget-video\" data-id=\"a19cb8c\" data-element_type=\"widget\" data-settings=\"{&quot;video_type&quot;:&quot;hosted&quot;,&quot;start&quot;:0,&quot;autoplay&quot;:&quot;yes&quot;,&quot;play_on_mobile&quot;:&quot;yes&quot;,&quot;controls&quot;:&quot;yes&quot;}\" data-widget_type=\"video.default\">\n\t\t\t\t<div class=\"elementor-widget-container\">\n\t\t\t\t\t\t\t<div class=\"e-hosted-video elementor-wrapper elementor-open-inline\">\n\t\t\t\t\t<video class=\"elementor-video\" src=\"https:\/\/reoil.pl\/wp-content\/uploads\/2024\/01\/pyroliza_mobile_de_speed.mp4\" autoplay=\"\" controls=\"\" playsinline=\"\" controlsList=\"nodownload\"><\/video>\n\t\t\t\t<\/div>\n\t\t\t\t\t\t<\/div>\n\t\t\t\t<\/div>\n\t\t\t\t\t<\/div>\n\t\t\t\t<\/div>\n\t\t<div class=\"elementor-element elementor-element-8a88a6e elementor-hidden-mobile e-flex e-con-boxed e-con e-parent\" data-id=\"8a88a6e\" data-element_type=\"container\" data-settings=\"{&quot;background_background&quot;:&quot;classic&quot;}\">\n\t\t\t\t\t<div class=\"e-con-inner\">\n\t\t\t\t<div class=\"elementor-element elementor-element-bf644a8 elementor-widget elementor-widget-video\" data-id=\"bf644a8\" data-element_type=\"widget\" data-settings=\"{&quot;video_type&quot;:&quot;hosted&quot;,&quot;start&quot;:0,&quot;autoplay&quot;:&quot;yes&quot;}\" data-widget_type=\"video.default\">\n\t\t\t\t<div class=\"elementor-widget-container\">\n\t\t\t\t\t\t\t<div class=\"e-hosted-video elementor-wrapper elementor-open-inline\">\n\t\t\t\t\t<video class=\"elementor-video\" src=\"https:\/\/reoil.pl\/wp-content\/uploads\/2024\/01\/pyroliza7_de_speed.mp4\" autoplay=\"\" controlsList=\"nodownload\"><\/video>\n\t\t\t\t<\/div>\n\t\t\t\t\t\t<\/div>\n\t\t\t\t<\/div>\n\t\t\t\t\t<\/div>\n\t\t\t\t<\/div>\n\t\t<div class=\"elementor-element elementor-element-199f370 e-flex e-con-boxed e-con e-parent\" data-id=\"199f370\" data-element_type=\"container\">\n\t\t\t\t\t<div class=\"e-con-inner\">\n\t\t\t\t<div class=\"elementor-element elementor-element-06ce6d3 elementor-widget elementor-widget-spacer\" data-id=\"06ce6d3\" data-element_type=\"widget\" data-widget_type=\"spacer.default\">\n\t\t\t\t<div class=\"elementor-widget-container\">\n\t\t\t\t\t\t\t<div class=\"elementor-spacer\">\n\t\t\t<div class=\"elementor-spacer-inner\"><\/div>\n\t\t<\/div>\n\t\t\t\t\t\t<\/div>\n\t\t\t\t<\/div>\n\t\t\t\t\t<\/div>\n\t\t\t\t<\/div>\n\t\t<div class=\"elementor-element elementor-element-2e2a0f22 e-con-full e-flex e-con e-parent\" data-id=\"2e2a0f22\" data-element_type=\"container\">\n\t\t<div class=\"elementor-element elementor-element-6224feee e-con-full e-flex e-con e-child\" data-id=\"6224feee\" data-element_type=\"container\">\n\t\t\t\t<div class=\"elementor-element elementor-element-f22b995 elementor-widget elementor-widget-heading\" data-id=\"f22b995\" data-element_type=\"widget\" data-widget_type=\"heading.default\">\n\t\t\t\t<div class=\"elementor-widget-container\">\n\t\t\t\t\t<h3 class=\"elementor-heading-title elementor-size-default\">Zertifikate<\/h3>\t\t\t\t<\/div>\n\t\t\t\t<\/div>\n\t\t\t\t<\/div>\n\t\t<div class=\"elementor-element elementor-element-48849305 e-con-full e-flex e-con e-child\" data-id=\"48849305\" data-element_type=\"container\">\n\t\t\t\t<div class=\"elementor-element elementor-element-3b93c4ae elementor-position-left elementor-vertical-align-middle elementor-widget elementor-widget-image-box\" data-id=\"3b93c4ae\" data-element_type=\"widget\" data-widget_type=\"image-box.default\">\n\t\t\t\t<div class=\"elementor-widget-container\">\n\t\t\t\t\t<div class=\"elementor-image-box-wrapper\"><figure class=\"elementor-image-box-img\"><img fetchpriority=\"high\" decoding=\"async\" width=\"900\" height=\"500\" src=\"https:\/\/reoil.pl\/wp-content\/uploads\/2023\/10\/international-sustainability-and-carbon-certification-iscc-system-gmbh-logo-vector.png\" class=\"attachment-full size-full wp-image-2096\" alt=\"\" srcset=\"https:\/\/reoil.pl\/wp-content\/uploads\/2023\/10\/international-sustainability-and-carbon-certification-iscc-system-gmbh-logo-vector.png 900w, https:\/\/reoil.pl\/wp-content\/uploads\/2023\/10\/international-sustainability-and-carbon-certification-iscc-system-gmbh-logo-vector-300x167.png 300w, https:\/\/reoil.pl\/wp-content\/uploads\/2023\/10\/international-sustainability-and-carbon-certification-iscc-system-gmbh-logo-vector-768x427.png 768w\" sizes=\"(max-width: 900px) 100vw, 900px\" \/><\/figure><div class=\"elementor-image-box-content\"><h3 class=\"elementor-image-box-title\">ISCC EU oraz ISCC PLUS<\/h3><\/div><\/div>\t\t\t\t<\/div>\n\t\t\t\t<\/div>\n\t\t\t\t<\/div>\n\t\t<div class=\"elementor-element elementor-element-4f725d69 e-con-full e-flex e-con e-child\" data-id=\"4f725d69\" data-element_type=\"container\">\n\t\t\t\t<div class=\"elementor-element elementor-element-1cbbf770 elementor-position-top elementor-widget elementor-widget-image-box\" data-id=\"1cbbf770\" data-element_type=\"widget\" data-widget_type=\"image-box.default\">\n\t\t\t\t<div class=\"elementor-widget-container\">\n\t\t\t\t\t<div class=\"elementor-image-box-wrapper\"><figure class=\"elementor-image-box-img\"><img decoding=\"async\" width=\"420\" height=\"192\" src=\"https:\/\/reoil.pl\/wp-content\/uploads\/2025\/09\/IMG_8940.webp\" class=\"attachment-full size-full wp-image-2228\" alt=\"\" srcset=\"https:\/\/reoil.pl\/wp-content\/uploads\/2025\/09\/IMG_8940.webp 420w, https:\/\/reoil.pl\/wp-content\/uploads\/2025\/09\/IMG_8940-300x137.webp 300w\" sizes=\"(max-width: 420px) 100vw, 420px\" \/><\/figure><\/div>\t\t\t\t<\/div>\n\t\t\t\t<\/div>\n\t\t\t\t<\/div>\n\t\t<div class=\"elementor-element elementor-element-190603cc e-con-full e-flex e-con e-child\" data-id=\"190603cc\" data-element_type=\"container\">\n\t\t\t\t<div class=\"elementor-element elementor-element-7cd19d08 elementor-position-top elementor-widget elementor-widget-image-box\" data-id=\"7cd19d08\" data-element_type=\"widget\" data-widget_type=\"image-box.default\">\n\t\t\t\t<div class=\"elementor-widget-container\">\n\t\t\t\t\t<div class=\"elementor-image-box-wrapper\"><figure class=\"elementor-image-box-img\"><img decoding=\"async\" width=\"420\" height=\"192\" src=\"https:\/\/reoil.pl\/wp-content\/uploads\/2025\/09\/IMG_8941.webp\" class=\"attachment-full size-full wp-image-2231\" alt=\"\" srcset=\"https:\/\/reoil.pl\/wp-content\/uploads\/2025\/09\/IMG_8941.webp 420w, https:\/\/reoil.pl\/wp-content\/uploads\/2025\/09\/IMG_8941-300x137.webp 300w\" sizes=\"(max-width: 420px) 100vw, 420px\" \/><\/figure><\/div>\t\t\t\t<\/div>\n\t\t\t\t<\/div>\n\t\t\t\t<\/div>\n\t\t\t\t<\/div>\n\t\t<div class=\"elementor-element elementor-element-2129a00 e-flex e-con-boxed e-con e-parent\" data-id=\"2129a00\" data-element_type=\"container\">\n\t\t\t\t\t<div class=\"e-con-inner\">\n\t\t\t\t<div class=\"elementor-element elementor-element-8756abe elementor-widget elementor-widget-spacer\" data-id=\"8756abe\" data-element_type=\"widget\" data-widget_type=\"spacer.default\">\n\t\t\t\t<div class=\"elementor-widget-container\">\n\t\t\t\t\t\t\t<div class=\"elementor-spacer\">\n\t\t\t<div class=\"elementor-spacer-inner\"><\/div>\n\t\t<\/div>\n\t\t\t\t\t\t<\/div>\n\t\t\t\t<\/div>\n\t\t\t\t\t<\/div>\n\t\t\t\t<\/div>\n\t\t<div class=\"elementor-element elementor-element-6c7a600 e-flex e-con-boxed e-con e-parent\" data-id=\"6c7a600\" data-element_type=\"container\" data-settings=\"{&quot;background_background&quot;:&quot;classic&quot;}\">\n\t\t\t\t\t<div class=\"e-con-inner\">\n\t\t<div class=\"elementor-element elementor-element-7c947d91 e-flex e-con-boxed e-con e-child\" data-id=\"7c947d91\" data-element_type=\"container\">\n\t\t\t\t\t<div class=\"e-con-inner\">\n\t\t\t\t<div class=\"elementor-element elementor-element-70c60d7e elementor-widget elementor-widget-heading\" data-id=\"70c60d7e\" data-element_type=\"widget\" data-widget_type=\"heading.default\">\n\t\t\t\t<div class=\"elementor-widget-container\">\n\t\t\t\t\t<h1 class=\"elementor-heading-title elementor-size-default\">Nachhaltigkeit<\/h1>\t\t\t\t<\/div>\n\t\t\t\t<\/div>\n\t\t\t\t<div class=\"elementor-element elementor-element-30b007e3 elementor-widget elementor-widget-heading\" data-id=\"30b007e3\" data-element_type=\"widget\" data-widget_type=\"heading.default\">\n\t\t\t\t<div class=\"elementor-widget-container\">\n\t\t\t\t\t<h6 class=\"elementor-heading-title elementor-size-default\">Herk\u00f6mmliche Verfahren erzeugen ein Produkt von begrenzter Qualit\u00e4t, und die recycelten Bestandteile sind meist nicht f\u00fcr die Wiederverwendung bei der Herstellung neuer Reifen geeignet.  Wir machen das Reifenrecyclingverfahren noch effizienter und nachhaltiger, um Reifen in der gesamten Produktionskette ein neues Leben zu geben. Ziel ist es, Sekund\u00e4rrohstoffe oder Rezyklate von solcher Qualit\u00e4t und Reinheit zu gewinnen, dass sie in der Produktion wiederverwendet werden k\u00f6nnen.<\/h6>\t\t\t\t<\/div>\n\t\t\t\t<\/div>\n\t\t\t\t\t<\/div>\n\t\t\t\t<\/div>\n\t\t\t\t\t<\/div>\n\t\t\t\t<\/div>\n\t\t\t\t<\/div>\n\t\t","protected":false},"excerpt":{"rendered":"<p>Prozess Die kontinuierliche Pyrolyse ist eine Innovation in der Recyclingwelt, die neue M\u00f6glichkeiten f\u00fcr die nachhaltige Behandlung von Altreifen er\u00f6ffnet. Mit dieser Methode ist es m\u00f6glich, Altreifen effizienter und nachhaltiger zu nutzen und so das Streben nach einer Kreislaufwirtschaft und Abfallverringerung zu unterst\u00fctzen. https:\/\/reoil.pl\/wp-content\/uploads\/2024\/01\/pyroliza_mobile_de_speed.mp4https:\/\/reoil.pl\/wp-content\/uploads\/2024\/01\/pyroliza7_de_speed.mp4 Zertifikate ISCC EU oraz ISCC PLUS Nachhaltigkeit Herk\u00f6mmliche Verfahren erzeugen ein [&hellip;]<\/p>\n","protected":false},"author":1,"featured_media":0,"parent":0,"menu_order":0,"comment_status":"closed","ping_status":"closed","template":"","meta":{"site-sidebar-layout":"no-sidebar","site-content-layout":"page-builder","ast-site-content-layout":"full-width-container","site-content-style":"unboxed","site-sidebar-style":"unboxed","ast-global-header-display":"","ast-banner-title-visibility":"","ast-main-header-display":"","ast-hfb-above-header-display":"","ast-hfb-below-header-display":"","ast-hfb-mobile-header-display":"","site-post-title":"disabled","ast-breadcrumbs-content":"","ast-featured-img":"disabled","footer-sml-layout":"","theme-transparent-header-meta":"enabled","adv-header-id-meta":"","stick-header-meta":"","header-above-stick-meta":"","header-main-stick-meta":"","header-below-stick-meta":"","astra-migrate-meta-layouts":"default","ast-page-background-enabled":"default","ast-page-background-meta":{"desktop":{"background-color":"","background-image":"","background-repeat":"repeat","background-position":"center center","background-size":"auto","background-attachment":"scroll","background-type":"","background-media":"","overlay-type":"","overlay-color":"","overlay-opacity":"","overlay-gradient":""},"tablet":{"background-color":"","background-image":"","background-repeat":"repeat","background-position":"center center","background-size":"auto","background-attachment":"scroll","background-type":"","background-media":"","overlay-type":"","overlay-color":"","overlay-opacity":"","overlay-gradient":""},"mobile":{"background-color":"","background-image":"","background-repeat":"repeat","background-position":"center center","background-size":"auto","background-attachment":"scroll","background-type":"","background-media":"","overlay-type":"","overlay-color":"","overlay-opacity":"","overlay-gradient":""}},"ast-content-background-meta":{"desktop":{"background-color":"var(--ast-global-color-5)","background-image":"","background-repeat":"repeat","background-position":"center center","background-size":"auto","background-attachment":"scroll","background-type":"","background-media":"","overlay-type":"","overlay-color":"","overlay-opacity":"","overlay-gradient":""},"tablet":{"background-color":"var(--ast-global-color-5)","background-image":"","background-repeat":"repeat","background-position":"center center","background-size":"auto","background-attachment":"scroll","background-type":"","background-media":"","overlay-type":"","overlay-color":"","overlay-opacity":"","overlay-gradient":""},"mobile":{"background-color":"var(--ast-global-color-5)","background-image":"","background-repeat":"repeat","background-position":"center center","background-size":"auto","background-attachment":"scroll","background-type":"","background-media":"","overlay-type":"","overlay-color":"","overlay-opacity":"","overlay-gradient":""}},"footnotes":""},"class_list":["post-2159","page","type-page","status-publish","hentry"],"_links":{"self":[{"href":"https:\/\/reoil.pl\/de\/wp-json\/wp\/v2\/pages\/2159","targetHints":{"allow":["GET"]}}],"collection":[{"href":"https:\/\/reoil.pl\/de\/wp-json\/wp\/v2\/pages"}],"about":[{"href":"https:\/\/reoil.pl\/de\/wp-json\/wp\/v2\/types\/page"}],"author":[{"embeddable":true,"href":"https:\/\/reoil.pl\/de\/wp-json\/wp\/v2\/users\/1"}],"replies":[{"embeddable":true,"href":"https:\/\/reoil.pl\/de\/wp-json\/wp\/v2\/comments?post=2159"}],"version-history":[{"count":2,"href":"https:\/\/reoil.pl\/de\/wp-json\/wp\/v2\/pages\/2159\/revisions"}],"predecessor-version":[{"id":2255,"href":"https:\/\/reoil.pl\/de\/wp-json\/wp\/v2\/pages\/2159\/revisions\/2255"}],"wp:attachment":[{"href":"https:\/\/reoil.pl\/de\/wp-json\/wp\/v2\/media?parent=2159"}],"curies":[{"name":"wp","href":"https:\/\/api.w.org\/{rel}","templated":true}]}}